{"id":10809,"date":"2018-10-14T12:21:59","date_gmt":"2018-10-14T12:21:59","guid":{"rendered":"https:\/\/www.l4it.systems\/home\/"},"modified":"2025-03-01T04:36:34","modified_gmt":"2025-03-01T04:36:34","slug":"home","status":"publish","type":"page","link":"https:\/\/l4itsystems.com\/de\/","title":{"rendered":"Startseite"},"content":{"rendered":"<div class=\"wpb-content-wrapper\"><p>[vc_row max_width=&#8221;1100&#8243; row_height_type=&#8221;fixed_height_screen&#8221; height=&#8221;65&#8243; min_height=&#8221;600&#8243; content_placement=&#8221;middle&#8221; custom_bg_type=&#8221;image&#8221; custom_bg_cover=&#8221;cover&#8221; custom_bg_repeat=&#8221;no-repeat&#8221; custom_bg_position=&#8221;Center center&#8221; textalign_small=&#8221;tablet_portrait&#8221; nav_skin=&#8221;light&#8221; disable_fixed_height=&#8221;tablet_portrait&#8221; consent_include=&#8221;include&#8221; equal_height=&#8221;true&#8221; custom_bg_color=&#8221;{&#8220;solid&#8220;:{&#8220;id&#8220;:&#8220;Dark color&#8220;,&#8220;color&#8220;:&#8220;#151221&#8220;}}&#8221; overlay_color=&#8221;{&#8220;dir&#8220;:&#8220;to right&#8220;,&#8220;from&#8220;:{&#8220;id&#8220;:&#8220;custom_color&#8220;,&#8220;color&#8220;:&#8220;rgba(39,37,66,0.8)&#8220;},&#8220;to&#8220;:{&#8220;id&#8220;:&#8220;custom_color&#8220;,&#8220;color&#8220;:&#8220;rgba(39,37,66,0.1)&#8220;}}&#8221; custom_bg_image=&#8221;9257&#8243; el_design=&#8221;{&#8220;mobile_landscape&#8220;:{&#8220;padding-right&#8220;:&#8220;0&#8220;,&#8220;padding-left&#8220;:&#8220;0&#8220;},&#8220;desktop&#8220;:{&#8220;padding-top&#8220;:&#8220;150&#8220;,&#8220;padding-right&#8220;:&#8220;15&#8220;,&#8220;padding-bottom&#8220;:&#8220;150&#8220;,&#8220;padding-left&#8220;:&#8220;15&#8220;}}&#8221;][vc_column el_design=&#8221;{&#8220;desktop&#8220;:{&#8220;padding-top&#8220;:&#8220;15&#8220;,&#8220;padding-right&#8220;:&#8220;15&#8220;,&#8220;padding-bottom&#8220;:&#8220;15&#8220;,&#8220;padding-left&#8220;:&#8220;15&#8220;}}&#8221; css_animation=&#8221;&#8221; offset=&#8221;vc_col-md-6&#8243;][vc_split_text text=&#8221;L4 IT Systems&#8221; wrapper=&#8221;h1&#8243; color=&#8221;{&#8220;id&#8220;:&#8220;custom_1334459184315555&#8220;,&#8220;color&#8220;:&#8220;rgba(255,255,255,1)&#8220;}&#8221; fill_color=&#8221;{&#8220;id&#8220;:&#8220;custom_1334459184315555&#8220;,&#8220;color&#8220;:&#8220;rgba(255,255,255,1)&#8220;}&#8221; alignment=&#8221;&#8221; typography=&#8221;{&#8220;variants&#8220;:&#8220;500&#8220;,&#8220;font_size&#8220;:&#8220;3em&#8220;,&#8220;line_height&#8220;:&#8220;1.3em&#8220;,&#8220;letter_spacing&#8220;:&#8220;-0.04em&#8220;}&#8221; responsiveness=&#8221;yes&#8221; tablet_portrait=&#8221;100&#8243; mobile_landscape=&#8221;100&#8243; mobile_portrait=&#8221;100&#8243; css_animation=&#8221;wtbx-anim-fill-left&#8221; css_animation_easing=&#8221;wtbx-easing-sharp&#8221; css_animation_duration=&#8221;wtbx-duration-800&#8243; css_animation_delay=&#8221;&#8221;][vc_split_text text_single=&#8221;ist Ihr Partner f\u00fcr hochgradig ma\u00dfgeschneiderte L\u00f6sungen in den Bereichen IT, Cybersicherheit, physische Sicherheit und Kommunikation. Die Zusammenarbeit mit Partnern, die f\u00fchrend in ihren jeweiligen Bereichen sind, wie IBM, Bosch oder Frequentis, zusammen mit unserem Expertenteam, garantiert Qualit\u00e4t f\u00fcr Ihre L\u00f6sungen.&#8221; wrapper=&#8221;p&#8221; color=&#8221;{&#8220;id&#8220;:&#8220;custom_1334459184315555&#8220;,&#8220;color&#8220;:&#8220;rgba(255,255,255,1)&#8220;}&#8221; fill_color=&#8221;{&#8220;id&#8220;:&#8220;custom_1334459184315555&#8220;,&#8220;color&#8220;:&#8220;rgba(255,255,255,1)&#8220;}&#8221; alignment=&#8221;&#8221; typography=&#8221;{&#8220;variants&#8220;:&#8220;300&#8220;,&#8220;font_size&#8220;:&#8220;18px&#8220;,&#8220;line_height&#8220;:&#8220;1.6em&#8220;,&#8220;letter_spacing&#8220;:&#8220;0.03em&#8220;}&#8221; responsiveness=&#8221;yes&#8221; tablet_portrait=&#8221;100&#8243; mobile_landscape=&#8221;100&#8243; mobile_portrait=&#8221;100&#8243; css_animation=&#8221;wtbx-anim-fill-left&#8221; css_animation_easing=&#8221;wtbx-easing-sharp&#8221; css_animation_duration=&#8221;wtbx-duration-800&#8243; css_animation_delay=&#8221;&#8221;][vc_empty_space height=&#8221;45px&#8221;][\/vc_column][vc_column el_design=&#8221;{&#8220;tablet_portrait&#8220;:{&#8220;padding-top&#8220;:&#8220;75&#8220;},&#8220;desktop&#8220;:{&#8220;padding-top&#8220;:&#8220;15&#8220;,&#8220;padding-right&#8220;:&#8220;15&#8220;,&#8220;padding-bottom&#8220;:&#8220;15&#8220;,&#8220;padding-left&#8220;:&#8220;15&#8220;}}&#8221; css_animation=&#8221;&#8221; offset=&#8221;vc_col-md-6&#8243;][\/vc_column][\/vc_row][vc_row row_width=&#8221;wtbx_stretch_row_content&#8221; nav_skin=&#8221;light&#8221; consent_include=&#8221;include&#8221;][vc_column el_design=&#8221;{&#8220;desktop&#8220;:{&#8220;padding-top&#8220;:&#8220;0&#8220;,&#8220;padding-right&#8220;:&#8220;0&#8220;,&#8220;padding-bottom&#8220;:&#8220;0&#8220;,&#8220;padding-left&#8220;:&#8220;0&#8220;}}&#8221; css_animation=&#8221;&#8221;][vc_section_divider style=&#8221;corner-left&#8221; height=&#8221;100&#8243; responsiveness=&#8221;yes&#8221; tablet_landscape=&#8221;100&#8243; tablet_portrait=&#8221;60&#8243; mobile_landscape=&#8221;0&#8243; mobile_portrait=&#8221;0&#8243; color=&#8221;{&#8220;id&#8220;:&#8220;custom_1334459184315555&#8220;,&#8220;color&#8220;:&#8220;rgba(255,255,255,1)&#8220;}&#8221;][\/vc_column][\/vc_row][vc_row nav_skin=&#8221;light&#8221; consent_include=&#8221;include&#8221; font_color=&#8221;{&#8220;id&#8220;:&#8220;Dark color&#8220;,&#8220;color&#8220;:&#8220;#2d3543&#8220;}&#8221; el_design=&#8221;{&#8220;desktop&#8220;:{&#8220;shift-vertical&#8220;:-120,&#8220;z-index&#8220;:2}}&#8221; custom_bg_color=&#8221;{&#8220;solid&#8220;:{&#8220;id&#8220;:&#8220;&#8220;,&#8220;color&#8220;:&#8220;&#8220;}}&#8221; overlay_color=&#8221;{&#8220;solid&#8220;:{&#8220;id&#8220;:&#8220;&#8220;,&#8220;color&#8220;:&#8220;&#8220;}}&#8221;][vc_column el_design=&#8221;{&#8220;desktop&#8220;:{&#8220;padding-top&#8220;:&#8220;15&#8220;,&#8220;padding-right&#8220;:&#8220;15&#8220;,&#8220;padding-bottom&#8220;:&#8220;15&#8220;,&#8220;padding-left&#8220;:&#8220;15&#8220;}}&#8221; width=&#8221;1\/3&#8243; css_animation=&#8221;&#8221; custom_bg_color=&#8221;{&#8220;solid&#8220;:{&#8220;id&#8220;:&#8220;custom_color&#8220;,&#8220;color&#8220;:&#8220;&#8220;}}&#8221;][vc_content_box style=&#8221;style_custom&#8221; shadow=&#8221;big_shadow&#8221; shadow_hover=&#8221;no_shadow&#8221; overflow=&#8221;&#8221; el_design=&#8221;{&#8220;tablet_portrait&#8220;:{&#8220;padding-right&#8220;:&#8220;15&#8220;,&#8220;padding-left&#8220;:&#8220;15&#8220;},&#8220;tablet_landscape&#8220;:{&#8220;padding-right&#8220;:&#8220;20&#8220;,&#8220;padding-left&#8220;:&#8220;20&#8220;},&#8220;desktop&#8220;:{&#8220;border-top-left-radius&#8220;:9,&#8220;border-top-right-radius&#8220;:9,&#8220;border-bottom-right-radius&#8220;:9,&#8220;border-bottom-left-radius&#8220;:9,&#8220;padding-top&#8220;:&#8220;5&#8220;,&#8220;padding-right&#8220;:&#8220;10&#8220;,&#8220;padding-bottom&#8220;:&#8220;5&#8220;,&#8220;padding-left&#8220;:&#8220;10&#8220;}}&#8221; border_hover=&#8221;default&#8221; equal_height=&#8221;767&#8243; alignment=&#8221;align_center&#8221; vertical_align=&#8221;align_middle&#8221; horizontal_align=&#8221;&#8221; css_animation=&#8221;wtbx-anim-bottom-to-top-small&#8221; css_animation_easing=&#8221;wtbx_easing-natural&#8221; css_animation_duration=&#8221;wtbx-duration-600&#8243; css_animation_delay=&#8221;wtbx-delay-1800&#8243; bg_color=&#8221;{&#8220;solid&#8220;:{&#8220;id&#8220;:&#8220;custom_1334459184315555&#8220;,&#8220;color&#8220;:&#8220;rgba(255,255,255,1)&#8220;}}&#8221;][vc_row_inner content_placement=&#8221;middle&#8221; textalign_small=&#8221;tablet_portrait&#8221; consent_include=&#8221;include&#8221; equal_height=&#8221;true&#8221;][vc_column_inner el_design=&#8221;{&#8220;desktop&#8220;:{&#8220;padding-top&#8220;:&#8220;10&#8220;,&#8220;padding-right&#8220;:&#8220;5&#8220;,&#8220;padding-bottom&#8220;:&#8220;0&#8220;,&#8220;padding-left&#8220;:&#8220;15&#8220;}}&#8221; css_animation=&#8221;&#8221; offset=&#8221;vc_col-md-3&#8243;][vc_icon size=&#8221;38px&#8221; cont_size=&#8221;1em&#8221; css_animation=&#8221;&#8221; icon=&#8221;{&#8220;font&#8220;:&#8220;scape-basic&#8220;,&#8220;icon&#8220;:&#8220;scape-basic-Connection&#8220;}&#8221;][\/vc_column_inner][vc_column_inner el_design=&#8221;{&#8220;desktop&#8220;:{&#8220;padding-top&#8220;:&#8220;15&#8220;,&#8220;padding-right&#8220;:&#8220;15&#8220;,&#8220;padding-bottom&#8220;:&#8220;15&#8220;,&#8220;padding-left&#8220;:&#8220;0&#8220;}}&#8221; width=&#8221;3\/4&#8243; css_animation=&#8221;&#8221;][vc_text_element typography=&#8221;{&#8220;variants&#8220;:&#8220;600&#8220;,&#8220;font_size&#8220;:&#8220;18px&#8220;,&#8220;line_height&#8220;:&#8220;1.5em&#8220;}&#8221; disable_margin=&#8221;yes&#8221; css_animation=&#8221;&#8221;]<a href=\"https:\/\/l4itsystems.com\/de\/produkte-und-leistungen\/it-und-cybersecurity-beratung\/\">IT- und Cybersecurity-Beratung<\/a>[\/vc_text_element][\/vc_column_inner][\/vc_row_inner][\/vc_content_box][vc_empty_space][vc_content_box style=&#8221;style_custom&#8221; shadow=&#8221;big_shadow&#8221; shadow_hover=&#8221;no_shadow&#8221; overflow=&#8221;&#8221; el_design=&#8221;{&#8220;tablet_portrait&#8220;:{&#8220;padding-right&#8220;:&#8220;15&#8220;,&#8220;padding-left&#8220;:&#8220;15&#8220;},&#8220;tablet_landscape&#8220;:{&#8220;padding-right&#8220;:&#8220;20&#8220;,&#8220;padding-left&#8220;:&#8220;20&#8220;},&#8220;desktop&#8220;:{&#8220;border-top-left-radius&#8220;:9,&#8220;border-top-right-radius&#8220;:9,&#8220;border-bottom-right-radius&#8220;:9,&#8220;border-bottom-left-radius&#8220;:9,&#8220;padding-top&#8220;:&#8220;5&#8220;,&#8220;padding-right&#8220;:&#8220;10&#8220;,&#8220;padding-bottom&#8220;:&#8220;5&#8220;,&#8220;padding-left&#8220;:&#8220;10&#8220;}}&#8221; border_hover=&#8221;default&#8221; equal_height=&#8221;767&#8243; alignment=&#8221;align_center&#8221; vertical_align=&#8221;align_middle&#8221; horizontal_align=&#8221;&#8221; css_animation=&#8221;wtbx-anim-bottom-to-top-small&#8221; css_animation_easing=&#8221;wtbx_easing-natural&#8221; css_animation_duration=&#8221;wtbx-duration-600&#8243; css_animation_delay=&#8221;wtbx-delay-1800&#8243; bg_color=&#8221;{&#8220;solid&#8220;:{&#8220;id&#8220;:&#8220;custom_1334459184315555&#8220;,&#8220;color&#8220;:&#8220;rgba(255,255,255,1)&#8220;}}&#8221;][vc_row_inner content_placement=&#8221;middle&#8221; textalign_small=&#8221;tablet_portrait&#8221; consent_include=&#8221;include&#8221; equal_height=&#8221;true&#8221;][vc_column_inner el_design=&#8221;{&#8220;desktop&#8220;:{&#8220;padding-top&#8220;:&#8220;10&#8220;,&#8220;padding-right&#8220;:&#8220;5&#8220;,&#8220;padding-bottom&#8220;:&#8220;0&#8220;,&#8220;padding-left&#8220;:&#8220;15&#8220;}}&#8221; css_animation=&#8221;&#8221; offset=&#8221;vc_col-md-3&#8243;][vc_icon size=&#8221;38px&#8221; cont_size=&#8221;1em&#8221; css_animation=&#8221;&#8221; icon=&#8221;{&#8220;font&#8220;:&#8220;scape-basic&#8220;,&#8220;icon&#8220;:&#8220;scape-basic-Mobile-Phone&#8220;}&#8221;][\/vc_column_inner][vc_column_inner el_design=&#8221;{&#8220;desktop&#8220;:{&#8220;padding-top&#8220;:&#8220;15&#8220;,&#8220;padding-right&#8220;:&#8220;5&#8220;,&#8220;padding-bottom&#8220;:&#8220;15&#8220;,&#8220;padding-left&#8220;:&#8220;0&#8220;}}&#8221; width=&#8221;3\/4&#8243; css_animation=&#8221;&#8221;][vc_text_element typography=&#8221;{&#8220;variants&#8220;:&#8220;600&#8220;,&#8220;font_size&#8220;:&#8220;18px&#8220;,&#8220;line_height&#8220;:&#8220;1.5em&#8220;}&#8221; disable_margin=&#8221;yes&#8221; css_animation=&#8221;&#8221;]<a href=\"https:\/\/l4itsystems.com\/de\/produkte-und-leistungen\/kritische-kommunikationsloesungen\/\">Kritische Kommunikationsl\u00f6sungen<\/a>[\/vc_text_element][\/vc_column_inner][\/vc_row_inner][\/vc_content_box][\/vc_column][vc_column width=&#8221;1\/3&#8243; css_animation=&#8221;&#8221;][vc_content_box style=&#8221;style_custom&#8221; shadow=&#8221;big_shadow&#8221; shadow_hover=&#8221;no_shadow&#8221; overflow=&#8221;&#8221; el_design=&#8221;{&#8220;tablet_portrait&#8220;:{&#8220;padding-right&#8220;:&#8220;15&#8220;,&#8220;padding-left&#8220;:&#8220;15&#8220;},&#8220;tablet_landscape&#8220;:{&#8220;padding-right&#8220;:&#8220;20&#8220;,&#8220;padding-left&#8220;:&#8220;20&#8220;},&#8220;desktop&#8220;:{&#8220;border-top-left-radius&#8220;:9,&#8220;border-top-right-radius&#8220;:9,&#8220;border-bottom-right-radius&#8220;:9,&#8220;border-bottom-left-radius&#8220;:9,&#8220;padding-top&#8220;:&#8220;5&#8220;,&#8220;padding-right&#8220;:&#8220;10&#8220;,&#8220;padding-bottom&#8220;:&#8220;5&#8220;,&#8220;padding-left&#8220;:&#8220;10&#8220;}}&#8221; border_hover=&#8221;default&#8221; equal_height=&#8221;767&#8243; alignment=&#8221;align_center&#8221; vertical_align=&#8221;align_middle&#8221; horizontal_align=&#8221;&#8221; css_animation=&#8221;wtbx-anim-bottom-to-top-small&#8221; css_animation_easing=&#8221;wtbx_easing-natural&#8221; css_animation_duration=&#8221;wtbx-duration-700&#8243; css_animation_delay=&#8221;wtbx-delay-1900&#8243; bg_color=&#8221;{&#8220;solid&#8220;:{&#8220;id&#8220;:&#8220;custom_1334459184315555&#8220;,&#8220;color&#8220;:&#8220;rgba(255,255,255,1)&#8220;}}&#8221;][vc_row_inner content_placement=&#8221;middle&#8221; textalign_small=&#8221;tablet_portrait&#8221; consent_include=&#8221;include&#8221; equal_height=&#8221;true&#8221;][vc_column_inner el_design=&#8221;{&#8220;desktop&#8220;:{&#8220;padding-top&#8220;:&#8220;10&#8220;,&#8220;padding-right&#8220;:&#8220;5&#8220;,&#8220;padding-bottom&#8220;:&#8220;0&#8220;,&#8220;padding-left&#8220;:&#8220;15&#8220;}}&#8221; css_animation=&#8221;&#8221; offset=&#8221;vc_col-md-3&#8243;][vc_icon size=&#8221;38px&#8221; cont_size=&#8221;1em&#8221; css_animation=&#8221;&#8221; icon=&#8221;{&#8220;font&#8220;:&#8220;scape-basic&#8220;,&#8220;icon&#8220;:&#8220;scape-basic-Active-Protection&#8220;}&#8221;][\/vc_column_inner][vc_column_inner el_design=&#8221;{&#8220;desktop&#8220;:{&#8220;padding-top&#8220;:&#8220;15&#8220;,&#8220;padding-right&#8220;:&#8220;15&#8220;,&#8220;padding-bottom&#8220;:&#8220;15&#8220;,&#8220;padding-left&#8220;:&#8220;0&#8220;}}&#8221; width=&#8221;3\/4&#8243; css_animation=&#8221;&#8221;][vc_text_element typography=&#8221;{&#8220;variants&#8220;:&#8220;600&#8220;,&#8220;font_size&#8220;:&#8220;18px&#8220;,&#8220;line_height&#8220;:&#8220;1.5em&#8220;}&#8221; disable_margin=&#8221;yes&#8221; css_animation=&#8221;&#8221;]<a href=\"https:\/\/l4itsystems.com\/de\/produkte-und-leistungen\/physische-sicherheit-und-videoueberwachung\/\">Physische Sicherheit und Video\u00fcberwachung<\/a>[\/vc_text_element][\/vc_column_inner][\/vc_row_inner][\/vc_content_box][vc_empty_space][vc_content_box style=&#8221;style_custom&#8221; shadow=&#8221;big_shadow&#8221; shadow_hover=&#8221;no_shadow&#8221; overflow=&#8221;&#8221; el_design=&#8221;{&#8220;tablet_portrait&#8220;:{&#8220;padding-right&#8220;:&#8220;15&#8220;,&#8220;padding-left&#8220;:&#8220;15&#8220;},&#8220;tablet_landscape&#8220;:{&#8220;padding-right&#8220;:&#8220;20&#8220;,&#8220;padding-left&#8220;:&#8220;20&#8220;},&#8220;desktop&#8220;:{&#8220;border-top-left-radius&#8220;:9,&#8220;border-top-right-radius&#8220;:9,&#8220;border-bottom-right-radius&#8220;:9,&#8220;border-bottom-left-radius&#8220;:9,&#8220;padding-top&#8220;:&#8220;5&#8220;,&#8220;padding-right&#8220;:&#8220;10&#8220;,&#8220;padding-bottom&#8220;:&#8220;5&#8220;,&#8220;padding-left&#8220;:&#8220;10&#8220;}}&#8221; border_hover=&#8221;default&#8221; equal_height=&#8221;767&#8243; alignment=&#8221;align_center&#8221; vertical_align=&#8221;align_middle&#8221; horizontal_align=&#8221;&#8221; css_animation=&#8221;wtbx-anim-bottom-to-top-small&#8221; css_animation_easing=&#8221;wtbx_easing-natural&#8221; css_animation_duration=&#8221;wtbx-duration-700&#8243; css_animation_delay=&#8221;wtbx-delay-1900&#8243; bg_color=&#8221;{&#8220;solid&#8220;:{&#8220;id&#8220;:&#8220;custom_1334459184315555&#8220;,&#8220;color&#8220;:&#8220;rgba(255,255,255,1)&#8220;}}&#8221;][vc_row_inner content_placement=&#8221;middle&#8221; textalign_small=&#8221;tablet_portrait&#8221; consent_include=&#8221;include&#8221; equal_height=&#8221;true&#8221;][vc_column_inner el_design=&#8221;{&#8220;desktop&#8220;:{&#8220;padding-top&#8220;:&#8220;10&#8220;,&#8220;padding-right&#8220;:&#8220;15&#8220;,&#8220;padding-bottom&#8220;:&#8220;0&#8220;,&#8220;padding-left&#8220;:&#8220;15&#8220;}}&#8221; css_animation=&#8221;&#8221; offset=&#8221;vc_col-md-3&#8243;][vc_icon size=&#8221;38px&#8221; cont_size=&#8221;1em&#8221; css_animation=&#8221;&#8221; icon=&#8221;{&#8220;font&#8220;:&#8220;scape-basic&#8220;,&#8220;icon&#8220;:&#8220;scape-basic-Car&#8220;}&#8221;][\/vc_column_inner][vc_column_inner el_design=&#8221;{&#8220;desktop&#8220;:{&#8220;padding-top&#8220;:&#8220;15&#8220;,&#8220;padding-right&#8220;:&#8220;5&#8220;,&#8220;padding-bottom&#8220;:&#8220;15&#8220;,&#8220;padding-left&#8220;:&#8220;0&#8220;}}&#8221; width=&#8221;3\/4&#8243; css_animation=&#8221;&#8221;][vc_text_element typography=&#8221;{&#8220;variants&#8220;:&#8220;600&#8220;,&#8220;font_size&#8220;:&#8220;18px&#8220;,&#8220;line_height&#8220;:&#8220;1.5em&#8220;}&#8221; disable_margin=&#8221;yes&#8221; css_animation=&#8221;&#8221;]<a href=\"https:\/\/l4itsystems.com\/de\/produkte-und-leistungen\/strassen-park-und-verkehrsloesungen\/\">Stra\u00dfen-, Park- und Verkehrsl\u00f6sungen<\/a>[\/vc_text_element][\/vc_column_inner][\/vc_row_inner][\/vc_content_box][\/vc_column][vc_column width=&#8221;1\/3&#8243; css_animation=&#8221;&#8221;][vc_content_box style=&#8221;style_custom&#8221; shadow=&#8221;big_shadow&#8221; shadow_hover=&#8221;no_shadow&#8221; overflow=&#8221;&#8221; el_design=&#8221;{&#8220;tablet_portrait&#8220;:{&#8220;padding-right&#8220;:&#8220;15&#8220;,&#8220;padding-left&#8220;:&#8220;15&#8220;},&#8220;tablet_landscape&#8220;:{&#8220;padding-right&#8220;:&#8220;20&#8220;,&#8220;padding-left&#8220;:&#8220;20&#8220;},&#8220;desktop&#8220;:{&#8220;border-top-left-radius&#8220;:9,&#8220;border-top-right-radius&#8220;:9,&#8220;border-bottom-right-radius&#8220;:9,&#8220;border-bottom-left-radius&#8220;:9,&#8220;padding-top&#8220;:&#8220;5&#8220;,&#8220;padding-right&#8220;:&#8220;10&#8220;,&#8220;padding-bottom&#8220;:&#8220;5&#8220;,&#8220;padding-left&#8220;:&#8220;10&#8220;}}&#8221; border_hover=&#8221;default&#8221; equal_height=&#8221;767&#8243; alignment=&#8221;align_center&#8221; vertical_align=&#8221;align_middle&#8221; horizontal_align=&#8221;&#8221; css_animation=&#8221;wtbx-anim-bottom-to-top-small&#8221; css_animation_easing=&#8221;wtbx_easing-natural&#8221; css_animation_duration=&#8221;wtbx-duration-800&#8243; css_animation_delay=&#8221;wtbx-delay-2000&#8243; bg_color=&#8221;{&#8220;solid&#8220;:{&#8220;id&#8220;:&#8220;custom_1334459184315555&#8220;,&#8220;color&#8220;:&#8220;rgba(255,255,255,1)&#8220;}}&#8221;][vc_row_inner content_placement=&#8221;middle&#8221; textalign_small=&#8221;tablet_portrait&#8221; consent_include=&#8221;include&#8221; equal_height=&#8221;true&#8221;][vc_column_inner el_design=&#8221;{&#8220;desktop&#8220;:{&#8220;padding-top&#8220;:&#8220;10&#8220;,&#8220;padding-right&#8220;:&#8220;5&#8220;,&#8220;padding-bottom&#8220;:&#8220;0&#8220;,&#8220;padding-left&#8220;:&#8220;15&#8220;}}&#8221; css_animation=&#8221;&#8221; offset=&#8221;vc_col-md-3&#8243;][vc_icon size=&#8221;38px&#8221; cont_size=&#8221;1em&#8221; css_animation=&#8221;&#8221; icon=&#8221;{&#8220;font&#8220;:&#8220;scape-basic&#8220;,&#8220;icon&#8220;:&#8220;scape-basic-D-Cube&#8220;}&#8221;][\/vc_column_inner][vc_column_inner el_design=&#8221;{&#8220;desktop&#8220;:{&#8220;padding-top&#8220;:&#8220;15&#8220;,&#8220;padding-right&#8220;:&#8220;15&#8220;,&#8220;padding-bottom&#8220;:&#8220;15&#8220;,&#8220;padding-left&#8220;:&#8220;0&#8220;}}&#8221; width=&#8221;3\/4&#8243; css_animation=&#8221;&#8221;][vc_text_element typography=&#8221;{&#8220;variants&#8220;:&#8220;600&#8220;,&#8220;font_size&#8220;:&#8220;18px&#8220;,&#8220;line_height&#8220;:&#8220;1.5em&#8220;}&#8221; disable_margin=&#8221;yes&#8221; css_animation=&#8221;&#8221;]<a href=\"https:\/\/l4itsystems.com\/de\/produkte-und-leistungen\/massgeschneiderte-sw-und-hw-unternehmensloesungenmassgeschneiderte-sw-und-hw-unternehmensloesungen\/\">Ma\u00dfgeschneiderte SW- und HW-Unternehmensl\u00f6sungen<\/a>[\/vc_text_element][\/vc_column_inner][\/vc_row_inner][\/vc_content_box][vc_empty_space][vc_content_box style=&#8221;style_custom&#8221; shadow=&#8221;big_shadow&#8221; shadow_hover=&#8221;no_shadow&#8221; overflow=&#8221;&#8221; el_design=&#8221;{&#8220;tablet_portrait&#8220;:{&#8220;padding-right&#8220;:&#8220;15&#8220;,&#8220;padding-left&#8220;:&#8220;15&#8220;},&#8220;tablet_landscape&#8220;:{&#8220;padding-right&#8220;:&#8220;20&#8220;,&#8220;padding-left&#8220;:&#8220;20&#8220;},&#8220;desktop&#8220;:{&#8220;border-top-left-radius&#8220;:9,&#8220;border-top-right-radius&#8220;:9,&#8220;border-bottom-right-radius&#8220;:9,&#8220;border-bottom-left-radius&#8220;:9,&#8220;padding-top&#8220;:&#8220;5&#8220;,&#8220;padding-right&#8220;:&#8220;10&#8220;,&#8220;padding-bottom&#8220;:&#8220;5&#8220;,&#8220;padding-left&#8220;:&#8220;10&#8220;}}&#8221; border_hover=&#8221;default&#8221; equal_height=&#8221;767&#8243; alignment=&#8221;align_center&#8221; vertical_align=&#8221;align_middle&#8221; horizontal_align=&#8221;&#8221; css_animation=&#8221;wtbx-anim-bottom-to-top-small&#8221; css_animation_easing=&#8221;wtbx_easing-natural&#8221; css_animation_duration=&#8221;wtbx-duration-800&#8243; css_animation_delay=&#8221;wtbx-delay-2000&#8243; bg_color=&#8221;{&#8220;solid&#8220;:{&#8220;id&#8220;:&#8220;custom_1334459184315555&#8220;,&#8220;color&#8220;:&#8220;rgba(255,255,255,1)&#8220;}}&#8221;][vc_row_inner content_placement=&#8221;middle&#8221; textalign_small=&#8221;tablet_portrait&#8221; consent_include=&#8221;include&#8221; equal_height=&#8221;true&#8221;][vc_column_inner el_design=&#8221;{&#8220;desktop&#8220;:{&#8220;padding-top&#8220;:&#8220;10&#8220;,&#8220;padding-right&#8220;:&#8220;5&#8220;,&#8220;padding-bottom&#8220;:&#8220;0&#8220;,&#8220;padding-left&#8220;:&#8220;15&#8220;}}&#8221; css_animation=&#8221;&#8221; offset=&#8221;vc_col-md-3&#8243;][vc_icon size=&#8221;38px&#8221; cont_size=&#8221;1em&#8221; css_animation=&#8221;&#8221; icon=&#8221;{&#8220;font&#8220;:&#8220;scape-basic&#8220;,&#8220;icon&#8220;:&#8220;scape-basic-Fingerprint&#8220;}&#8221;][\/vc_column_inner][vc_column_inner el_design=&#8221;{&#8220;desktop&#8220;:{&#8220;padding-top&#8220;:&#8220;15&#8220;,&#8220;padding-right&#8220;:&#8220;5&#8220;,&#8220;padding-bottom&#8220;:&#8220;15&#8220;,&#8220;padding-left&#8220;:&#8220;0&#8220;}}&#8221; width=&#8221;3\/4&#8243; css_animation=&#8221;&#8221;][vc_text_element typography=&#8221;{&#8220;variants&#8220;:&#8220;600&#8220;,&#8220;font_size&#8220;:&#8220;18px&#8220;,&#8220;line_height&#8220;:&#8220;1.5em&#8220;}&#8221; disable_margin=&#8221;yes&#8221; css_animation=&#8221;&#8221;]<a href=\"https:\/\/l4itsystems.com\/de\/produkte-und-leistungen\/biometrische-und-id-druck\/\">Biometrische und ID-Druck<\/a>[\/vc_text_element][\/vc_column_inner][\/vc_row_inner][\/vc_content_box][vc_empty_space height=&#8221;60px&#8221;][\/vc_column][\/vc_row][vc_row row_width=&#8221;wtbx_stretch_row_content&#8221; nav_skin=&#8221;light&#8221; consent_include=&#8221;include&#8221;][vc_column el_design=&#8221;{&#8220;desktop&#8220;:{&#8220;padding-top&#8220;:0,&#8220;padding-right&#8220;:0,&#8220;padding-bottom&#8220;:0,&#8220;padding-left&#8220;:0}}&#8221; css_animation=&#8221;&#8221;][\/vc_column][\/vc_row]<\/p>\n<\/div>","protected":false},"excerpt":{"rendered":"<p>[vc_row max_width=&#8221;1100&#8243; row_height_type=&#8221;fixed_height_screen&#8221; height=&#8221;65&#8243; min_height=&#8221;600&#8243; content_placement=&#8221;middle&#8221; custom_bg_type=&#8221;image&#8221; custom_bg_cover=&#8221;cover&#8221; custom_bg_repeat=&#8221;no-repeat&#8221; custom_bg_position=&#8221;Center center&#8221; textalign_small=&#8221;tablet_portrait&#8221; nav_skin=&#8221;light&#8221; disable_fixed_height=&#8221;tablet_portrait&#8221; consent_include=&#8221;include&#8221; equal_height=&#8221;true&#8221; custom_bg_color=&#8221;{&#8220;solid&#8220;:{&#8220;id&#8220;:&#8220;Dark color&#8220;,&#8220;color&#8220;:&#8220;#151221&#8220;}}&#8221; overlay_color=&#8221;{&#8220;dir&#8220;:&#8220;to right&#8220;,&#8220;from&#8220;:{&#8220;id&#8220;:&#8220;custom_color&#8220;,&#8220;color&#8220;:&#8220;rgba(39,37,66,0.8)&#8220;},&#8220;to&#8220;:{&#8220;id&#8220;:&#8220;custom_color&#8220;,&#8220;color&#8220;:&#8220;rgba(39,37,66,0.1)&#8220;}}&#8221; custom_bg_image=&#8221;9257&#8243; el_design=&#8221;{&#8220;mobile_landscape&#8220;:{&#8220;padding-right&#8220;:&#8220;0&#8220;,&#8220;padding-left&#8220;:&#8220;0&#8220;},&#8220;desktop&#8220;:{&#8220;padding-top&#8220;:&#8220;150&#8220;,&#8220;padding-right&#8220;:&#8220;15&#8220;,&#8220;padding-bottom&#8220;:&#8220;150&#8220;,&#8220;padding-left&#8220;:&#8220;15&#8220;}}&#8221;][vc_column el_design=&#8221;{&#8220;desktop&#8220;:{&#8220;padding-top&#8220;:&#8220;15&#8220;,&#8220;padding-right&#8220;:&#8220;15&#8220;,&#8220;padding-bottom&#8220;:&#8220;15&#8220;,&#8220;padding-left&#8220;:&#8220;15&#8220;}}&#8221; css_animation=&#8221;&#8221; offset=&#8221;vc_col-md-6&#8243;][vc_split_text text=&#8221;L4 IT Systems&#8221; wrapper=&#8221;h1&#8243; color=&#8221;{&#8220;id&#8220;:&#8220;custom_1334459184315555&#8220;,&#8220;color&#8220;:&#8220;rgba(255,255,255,1)&#8220;}&#8221; fill_color=&#8221;{&#8220;id&#8220;:&#8220;custom_1334459184315555&#8220;,&#8220;color&#8220;:&#8220;rgba(255,255,255,1)&#8220;}&#8221; alignment=&#8221;&#8221; typography=&#8221;{&#8220;variants&#8220;:&#8220;500&#8220;,&#8220;font_size&#8220;:&#8220;3em&#8220;,&#8220;line_height&#8220;:&#8220;1.3em&#8220;,&#8220;letter_spacing&#8220;:&#8220;-0.04em&#8220;}&#8221; responsiveness=&#8221;yes&#8221; tablet_portrait=&#8221;100&#8243; mobile_landscape=&#8221;100&#8243; mobile_portrait=&#8221;100&#8243; css_animation=&#8221;wtbx-anim-fill-left&#8221; css_animation_easing=&#8221;wtbx-easing-sharp&#8221; css_animation_duration=&#8221;wtbx-duration-800&#8243; css_animation_delay=&#8221;&#8221;][vc_split_text text_single=&#8221;ist Ihr Partner f\u00fcr hochgradig ma\u00dfgeschneiderte L\u00f6sungen in den Bereichen IT, Cybersicherheit, physische Sicherheit und Kommunikation. Die Zusammenarbeit mit Partnern, die f\u00fchrend in ihren jeweiligen Bereichen sind, wie IBM, Bosch oder Frequentis, zusammen mit [&hellip;]<\/p>\n","protected":false},"author":2,"featured_media":0,"parent":0,"menu_order":0,"comment_status":"closed","ping_status":"closed","template":"","meta":{"footnotes":""},"class_list":["post-10809","page","type-page","status-publish","hentry"],"_links":{"self":[{"href":"https:\/\/l4itsystems.com\/de\/wp-json\/wp\/v2\/pages\/10809","targetHints":{"allow":["GET"]}}],"collection":[{"href":"https:\/\/l4itsystems.com\/de\/wp-json\/wp\/v2\/pages"}],"about":[{"href":"https:\/\/l4itsystems.com\/de\/wp-json\/wp\/v2\/types\/page"}],"author":[{"embeddable":true,"href":"https:\/\/l4itsystems.com\/de\/wp-json\/wp\/v2\/users\/2"}],"replies":[{"embeddable":true,"href":"https:\/\/l4itsystems.com\/de\/wp-json\/wp\/v2\/comments?post=10809"}],"version-history":[{"count":2,"href":"https:\/\/l4itsystems.com\/de\/wp-json\/wp\/v2\/pages\/10809\/revisions"}],"predecessor-version":[{"id":11592,"href":"https:\/\/l4itsystems.com\/de\/wp-json\/wp\/v2\/pages\/10809\/revisions\/11592"}],"wp:attachment":[{"href":"https:\/\/l4itsystems.com\/de\/wp-json\/wp\/v2\/media?parent=10809"}],"curies":[{"name":"wp","href":"https:\/\/api.w.org\/{rel}","templated":true}]}}