{"id":10738,"date":"2024-11-04T12:23:05","date_gmt":"2024-11-04T12:23:05","guid":{"rendered":"https:\/\/www.l4it.systems\/produkty-a-sluzby\/physical-security-and-video-surveillance\/"},"modified":"2025-01-20T22:21:38","modified_gmt":"2025-01-20T22:21:38","slug":"fyzicka-bezpecnost-a-video-monitorovanie","status":"publish","type":"page","link":"https:\/\/l4itsystems.com\/sk\/produkty-a-sluzby\/fyzicka-bezpecnost-a-video-monitorovanie\/","title":{"rendered":"Fyzick\u00e1 bezpe\u010dnos\u0165 a video monitorovanie"},"content":{"rendered":"<div class=\"wpb-content-wrapper\"><p>[vc_row max_width=&#8221;600&#8243; min_height=&#8221;300&#8243; content_placement=&#8221;middle&#8221; custom_bg_type=&#8221;image&#8221; custom_bg_cover=&#8221;cover&#8221; custom_bg_repeat=&#8221;no-repeat&#8221; custom_bg_position=&#8221;Center top&#8221; textalign=&#8221;align_center&#8221; fadeout=&#8221;wtbx-fadeout&#8221; nav_skin=&#8221;light&#8221; disable_fixed_height=&#8221;tablet_portrait&#8221; consent_include=&#8221;include&#8221; equal_height=&#8221;true&#8221; custom_bg_color=&#8221;{&#8220;solid&#8220;:{&#8220;id&#8220;:&#8220;Dark color&#8220;,&#8220;color&#8220;:&#8220;#151221&#8220;}}&#8221; custom_bg_image=&#8221;9257&#8243; overlay_color=&#8221;{&#8220;solid&#8220;:{&#8220;id&#8220;:&#8220;Overlay color&#8220;,&#8220;color&#8220;:&#8220;rgba(21,20,36,0.5)&#8220;}}&#8221; el_design=&#8221;{&#8220;desktop&#8220;:{&#8220;padding-top&#8220;:&#8220;120&#8220;,&#8220;padding-bottom&#8220;:&#8220;90&#8220;}}&#8221;][vc_column css_animation=&#8221;&#8221;][vc_heading heading_text=&#8221;Fyzick\u00e1 bezpe\u010dnos\u0165 a video monitorovanie&#8221; heading_wrapper=&#8221;h1&#8243; heading_color=&#8221;{&#8220;solid&#8220;:{&#8220;id&#8220;:&#8220;custom_3715609566673309&#8220;,&#8220;color&#8220;:&#8220;#ffffff&#8220;}}&#8221; heading_typography=&#8221;{&#8220;variants&#8220;:&#8220;500&#8220;,&#8220;font_size&#8220;:&#8220;50px&#8220;,&#8220;line_height&#8220;:&#8220;1.2em&#8220;}&#8221; responsiveness=&#8221;yes&#8221; tablet_portrait=&#8221;100&#8243; mobile_landscape=&#8221;85&#8243; mobile_portrait=&#8221;75&#8243; css_animation=&#8221;wtbx-anim-bottom-to-top-small&#8221; css_animation_easing=&#8221;wtbx_easing-natural&#8221; css_animation_duration=&#8221;wtbx-duration-700&#8243; css_animation_delay=&#8221;&#8221;][vc_empty_space height=&#8221;5px&#8221; mobile_landscape=&#8221;15&#8243;][\/vc_column][\/vc_row][vc_row row_width=&#8221;wtbx_stretch_row_content&#8221; nav_skin=&#8221;light&#8221; consent_include=&#8221;include&#8221;][vc_column el_design=&#8221;{&#8220;desktop&#8220;:{&#8220;padding-top&#8220;:&#8220;0&#8220;,&#8220;padding-right&#8220;:&#8220;0&#8220;,&#8220;padding-bottom&#8220;:&#8220;0&#8220;,&#8220;padding-left&#8220;:&#8220;0&#8220;}}&#8221; css_animation=&#8221;&#8221;][vc_section_divider style=&#8221;corner-left&#8221; height=&#8221;100&#8243; responsiveness=&#8221;yes&#8221; tablet_landscape=&#8221;100&#8243; tablet_portrait=&#8221;60&#8243; mobile_landscape=&#8221;0&#8243; mobile_portrait=&#8221;0&#8243; color=&#8221;{&#8220;id&#8220;:&#8220;custom_1334459184315555&#8220;,&#8220;color&#8220;:&#8220;rgba(255,255,255,1)&#8220;}&#8221;][\/vc_column][\/vc_row][vc_row row_width=&#8221;wtbx_stretch_row_content&#8221; nav_skin=&#8221;light&#8221; consent_include=&#8221;include&#8221;][vc_column el_design=&#8221;{&#8220;desktop&#8220;:{&#8220;padding-top&#8220;:0,&#8220;padding-right&#8220;:0,&#8220;padding-bottom&#8220;:0,&#8220;padding-left&#8220;:0}}&#8221; css_animation=&#8221;&#8221;][vc_empty_space][\/vc_column][\/vc_row][vc_row nav_skin=&#8221;light&#8221; consent_include=&#8221;include&#8221;][vc_column width=&#8221;2\/3&#8243; css_animation=&#8221;&#8221;][vc_text_element css_animation=&#8221;&#8221;]<\/p>\n<h3>Ako ofici\u00e1lny integra\u010dn\u00fd partner spolo\u010dnosti Bosch Security Systems poskytujeme kompletn\u00e9 rie\u0161enia pre fyzick\u00e9 monitorovanie objektov a oblast\u00ed.<\/h3>\n<p>[\/vc_text_element][vc_empty_space][vc_text_element disable_margin=&#8221;yes&#8221; css_animation=&#8221;&#8221;]<\/p>\n<ul>\n<li>Kompletn\u00fd n\u00e1vrh architekt\u00fary fyzickej bezpe\u010dnosti (kamery, pohybov\u00e9 a tepeln\u00e9 senzory, vstupn\u00e9 syst\u00e9my, monitorovanie spr\u00e1vania a podozriv\u00fdch objektov at\u010f.)<\/li>\n<li>Audit konfigur\u00e1cie bezpe\u010dnostn\u00fdch syst\u00e9mov<\/li>\n<li>N\u00e1vrh bezpe\u010dnostn\u00fdch z\u00f3n a komunik\u00e1ci\u00ed bezpe\u010dnostn\u00fdch syst\u00e9mov<\/li>\n<li>Testovanie syst\u00e9mov detekcie naru\u0161enia bezpe\u010dnostn\u00e9ho perimetra<\/li>\n<li>Zabezpe\u010denie v\u00fdvoja a v\u00fdroby hardv\u00e9rov\u00fdch a softv\u00e9rov\u00fdch komponentov pre komunika\u010dn\u00e9 syst\u00e9my, bezpe\u010dnostn\u00e9 syst\u00e9my a detekciu naru\u0161enia perimetra<\/li>\n<\/ul>\n<p>[\/vc_text_element][vc_empty_space][\/vc_column][vc_column width=&#8221;1\/3&#8243; css_animation=&#8221;&#8221;][vc_image_element image=&#8221;11558&#8243; alignment=&#8221;center&#8221; shadow=&#8221;shadow_small&#8221; radius=&#8221;15px&#8221; preloader=&#8221;&#8221; css_animation=&#8221;&#8221;][vc_empty_space][vc_text_element css_animation=&#8221;&#8221;]<\/p>\n<h3 style=\"text-align: center;\">Sme hrd\u00fdm partnerom<\/h3>\n<p>[\/vc_text_element][vc_image_element image=&#8221;10854&#8243; alignment=&#8221;center&#8221; preloader=&#8221;&#8221; css_animation=&#8221;&#8221; max_width=&#8221;200px&#8221;][vc_empty_space][\/vc_column][\/vc_row]<\/p>\n<\/div>","protected":false},"excerpt":{"rendered":"<p>[vc_row max_width=&#8221;600&#8243; min_height=&#8221;300&#8243; content_placement=&#8221;middle&#8221; custom_bg_type=&#8221;image&#8221; custom_bg_cover=&#8221;cover&#8221; custom_bg_repeat=&#8221;no-repeat&#8221; custom_bg_position=&#8221;Center top&#8221; textalign=&#8221;align_center&#8221; fadeout=&#8221;wtbx-fadeout&#8221; nav_skin=&#8221;light&#8221; disable_fixed_height=&#8221;tablet_portrait&#8221; consent_include=&#8221;include&#8221; equal_height=&#8221;true&#8221; custom_bg_color=&#8221;{&#8220;solid&#8220;:{&#8220;id&#8220;:&#8220;Dark color&#8220;,&#8220;color&#8220;:&#8220;#151221&#8220;}}&#8221; custom_bg_image=&#8221;9257&#8243; overlay_color=&#8221;{&#8220;solid&#8220;:{&#8220;id&#8220;:&#8220;Overlay color&#8220;,&#8220;color&#8220;:&#8220;rgba(21,20,36,0.5)&#8220;}}&#8221; el_design=&#8221;{&#8220;desktop&#8220;:{&#8220;padding-top&#8220;:&#8220;120&#8220;,&#8220;padding-bottom&#8220;:&#8220;90&#8220;}}&#8221;][vc_column css_animation=&#8221;&#8221;][vc_heading heading_text=&#8221;Fyzick\u00e1 bezpe\u010dnos\u0165 a video monitorovanie&#8221; heading_wrapper=&#8221;h1&#8243; heading_color=&#8221;{&#8220;solid&#8220;:{&#8220;id&#8220;:&#8220;custom_3715609566673309&#8220;,&#8220;color&#8220;:&#8220;#ffffff&#8220;}}&#8221; heading_typography=&#8221;{&#8220;variants&#8220;:&#8220;500&#8220;,&#8220;font_size&#8220;:&#8220;50px&#8220;,&#8220;line_height&#8220;:&#8220;1.2em&#8220;}&#8221; responsiveness=&#8221;yes&#8221; tablet_portrait=&#8221;100&#8243; mobile_landscape=&#8221;85&#8243; mobile_portrait=&#8221;75&#8243; css_animation=&#8221;wtbx-anim-bottom-to-top-small&#8221; css_animation_easing=&#8221;wtbx_easing-natural&#8221; css_animation_duration=&#8221;wtbx-duration-700&#8243; css_animation_delay=&#8221;&#8221;][vc_empty_space height=&#8221;5px&#8221; mobile_landscape=&#8221;15&#8243;][\/vc_column][\/vc_row][vc_row row_width=&#8221;wtbx_stretch_row_content&#8221; nav_skin=&#8221;light&#8221; consent_include=&#8221;include&#8221;][vc_column el_design=&#8221;{&#8220;desktop&#8220;:{&#8220;padding-top&#8220;:&#8220;0&#8220;,&#8220;padding-right&#8220;:&#8220;0&#8220;,&#8220;padding-bottom&#8220;:&#8220;0&#8220;,&#8220;padding-left&#8220;:&#8220;0&#8220;}}&#8221; css_animation=&#8221;&#8221;][vc_section_divider style=&#8221;corner-left&#8221; height=&#8221;100&#8243; responsiveness=&#8221;yes&#8221; tablet_landscape=&#8221;100&#8243; tablet_portrait=&#8221;60&#8243; mobile_landscape=&#8221;0&#8243; mobile_portrait=&#8221;0&#8243; color=&#8221;{&#8220;id&#8220;:&#8220;custom_1334459184315555&#8220;,&#8220;color&#8220;:&#8220;rgba(255,255,255,1)&#8220;}&#8221;][\/vc_column][\/vc_row][vc_row row_width=&#8221;wtbx_stretch_row_content&#8221; nav_skin=&#8221;light&#8221; consent_include=&#8221;include&#8221;][vc_column el_design=&#8221;{&#8220;desktop&#8220;:{&#8220;padding-top&#8220;:0,&#8220;padding-right&#8220;:0,&#8220;padding-bottom&#8220;:0,&#8220;padding-left&#8220;:0}}&#8221; css_animation=&#8221;&#8221;][vc_empty_space][\/vc_column][\/vc_row][vc_row nav_skin=&#8221;light&#8221; consent_include=&#8221;include&#8221;][vc_column width=&#8221;2\/3&#8243; css_animation=&#8221;&#8221;][vc_text_element css_animation=&#8221;&#8221;] Ako ofici\u00e1lny integra\u010dn\u00fd partner spolo\u010dnosti Bosch Security Systems poskytujeme kompletn\u00e9 rie\u0161enia pre [&hellip;]<\/p>\n","protected":false},"author":2,"featured_media":0,"parent":10725,"menu_order":2,"comment_status":"closed","ping_status":"closed","template":"","meta":{"footnotes":""},"class_list":["post-10738","page","type-page","status-publish","hentry"],"_links":{"self":[{"href":"https:\/\/l4itsystems.com\/sk\/wp-json\/wp\/v2\/pages\/10738","targetHints":{"allow":["GET"]}}],"collection":[{"href":"https:\/\/l4itsystems.com\/sk\/wp-json\/wp\/v2\/pages"}],"about":[{"href":"https:\/\/l4itsystems.com\/sk\/wp-json\/wp\/v2\/types\/page"}],"author":[{"embeddable":true,"href":"https:\/\/l4itsystems.com\/sk\/wp-json\/wp\/v2\/users\/2"}],"replies":[{"embeddable":true,"href":"https:\/\/l4itsystems.com\/sk\/wp-json\/wp\/v2\/comments?post=10738"}],"version-history":[{"count":1,"href":"https:\/\/l4itsystems.com\/sk\/wp-json\/wp\/v2\/pages\/10738\/revisions"}],"predecessor-version":[{"id":11561,"href":"https:\/\/l4itsystems.com\/sk\/wp-json\/wp\/v2\/pages\/10738\/revisions\/11561"}],"up":[{"embeddable":true,"href":"https:\/\/l4itsystems.com\/sk\/wp-json\/wp\/v2\/pages\/10725"}],"wp:attachment":[{"href":"https:\/\/l4itsystems.com\/sk\/wp-json\/wp\/v2\/media?parent=10738"}],"curies":[{"name":"wp","href":"https:\/\/api.w.org\/{rel}","templated":true}]}}