{"id":10803,"date":"2018-01-19T11:14:22","date_gmt":"2018-01-19T10:14:22","guid":{"rendered":"https:\/\/www.l4it.systems\/about-us\/"},"modified":"2025-07-09T14:19:38","modified_gmt":"2025-07-09T13:19:38","slug":"o-nas","status":"publish","type":"page","link":"https:\/\/l4itsystems.com\/sk\/o-nas\/","title":{"rendered":"O n\u00e1s"},"content":{"rendered":"<div class=\"wpb-content-wrapper\"><p>[vc_row max_width=&#8221;600&#8243; min_height=&#8221;300&#8243; content_placement=&#8221;middle&#8221; custom_bg_type=&#8221;image&#8221; custom_bg_cover=&#8221;cover&#8221; custom_bg_repeat=&#8221;no-repeat&#8221; custom_bg_position=&#8221;Center top&#8221; textalign=&#8221;align_center&#8221; fadeout=&#8221;wtbx-fadeout&#8221; nav_skin=&#8221;light&#8221; disable_fixed_height=&#8221;tablet_portrait&#8221; consent_include=&#8221;include&#8221; equal_height=&#8221;true&#8221; custom_bg_color=&#8221;{&#8220;solid&#8220;:{&#8220;id&#8220;:&#8220;Dark color&#8220;,&#8220;color&#8220;:&#8220;#151221&#8220;}}&#8221; custom_bg_image=&#8221;9257&#8243; overlay_color=&#8221;{&#8220;solid&#8220;:{&#8220;id&#8220;:&#8220;Overlay color&#8220;,&#8220;color&#8220;:&#8220;rgba(21,20,36,0.5)&#8220;}}&#8221; el_design=&#8221;{&#8220;desktop&#8220;:{&#8220;padding-top&#8220;:&#8220;120&#8220;,&#8220;padding-bottom&#8220;:&#8220;90&#8220;}}&#8221;][vc_column css_animation=&#8221;&#8221;][vc_heading heading_text=&#8221;O n\u00e1s &#8211; L4 IT Systems&#8221; heading_wrapper=&#8221;h1&#8243; heading_color=&#8221;{&#8220;solid&#8220;:{&#8220;id&#8220;:&#8220;custom_3715609566673309&#8220;,&#8220;color&#8220;:&#8220;#ffffff&#8220;}}&#8221; heading_typography=&#8221;{&#8220;variants&#8220;:&#8220;500&#8220;,&#8220;font_size&#8220;:&#8220;50px&#8220;,&#8220;line_height&#8220;:&#8220;1.2em&#8220;}&#8221; responsiveness=&#8221;yes&#8221; tablet_portrait=&#8221;100&#8243; mobile_landscape=&#8221;85&#8243; mobile_portrait=&#8221;75&#8243; css_animation=&#8221;wtbx-anim-bottom-to-top-small&#8221; css_animation_easing=&#8221;wtbx_easing-natural&#8221; css_animation_duration=&#8221;wtbx-duration-700&#8243; css_animation_delay=&#8221;&#8221;][vc_empty_space height=&#8221;5px&#8221; mobile_landscape=&#8221;15&#8243;][\/vc_column][\/vc_row][vc_row row_width=&#8221;wtbx_stretch_row_content&#8221; nav_skin=&#8221;light&#8221; consent_include=&#8221;include&#8221;][vc_column el_design=&#8221;{&#8220;desktop&#8220;:{&#8220;padding-top&#8220;:&#8220;0&#8220;,&#8220;padding-right&#8220;:&#8220;0&#8220;,&#8220;padding-bottom&#8220;:&#8220;0&#8220;,&#8220;padding-left&#8220;:&#8220;0&#8220;}}&#8221; css_animation=&#8221;&#8221;][vc_section_divider style=&#8221;corner-left&#8221; height=&#8221;100&#8243; responsiveness=&#8221;yes&#8221; tablet_landscape=&#8221;100&#8243; tablet_portrait=&#8221;60&#8243; mobile_landscape=&#8221;0&#8243; mobile_portrait=&#8221;0&#8243; color=&#8221;{&#8220;id&#8220;:&#8220;custom_1334459184315555&#8220;,&#8220;color&#8220;:&#8220;rgba(255,255,255,1)&#8220;}&#8221;][\/vc_column][\/vc_row][vc_row row_width=&#8221;wtbx_stretch_row_content&#8221; nav_skin=&#8221;light&#8221; consent_include=&#8221;include&#8221;][vc_column el_design=&#8221;{&#8220;desktop&#8220;:{&#8220;padding-top&#8220;:0,&#8220;padding-right&#8220;:0,&#8220;padding-bottom&#8220;:0,&#8220;padding-left&#8220;:0}}&#8221; css_animation=&#8221;&#8221;][vc_empty_space][\/vc_column][\/vc_row][vc_row nav_skin=&#8221;light&#8221; consent_include=&#8221;include&#8221;][vc_column width=&#8221;1\/2&#8243; css_animation=&#8221;&#8221;][vc_empty_space][vc_text_element disable_margin=&#8221;yes&#8221; css_animation=&#8221;&#8221;]<\/p>\n<p data-start=\"41\" data-end=\"451\">V roku 2021 bola zalo\u017een\u00e1 spolo\u010dnos\u0165 L4 IT Systems s cie\u013eom prinies\u0165 inovat\u00edvne my\u0161lienky do IT sektora. Za\u010diatkom roka 2022 sme nadviazali spolupr\u00e1cu so spolo\u010dnos\u0165ou Tahaluf al Emarat Technical Solutions ako ich ofici\u00e1lny partner pre Eur\u00f3pu. Tahaluf je popredn\u00e1 IT spolo\u010dnos\u0165 v regi\u00f3ne GCC s ro\u010dn\u00fdmi tr\u017ebami nad 250 000 000 dol\u00e1rov. Medzi jej v\u00fdznamn\u00fdch klientov patria vl\u00e1dy a najv\u00e4\u010d\u0161ie korpor\u00e1cie v regi\u00f3ne.<\/p>\n<p data-start=\"453\" data-end=\"702\" data-is-last-node=\"\" data-is-only-node=\"\">Spolo\u010dnos\u0165 L4 zaznamenala od roku 2021 v\u00fdrazn\u00fd rast. P\u00f4sob\u00edme v DACH regi\u00f3ne Eur\u00f3py, m\u00e1me kancel\u00e1riu s rozlohou viac ako 700 m\u00b2 v Bratislave, inova\u010dn\u00e9 centrum s rozlohou viac ako 700 m\u00b2, ktor\u00e9 sl\u00fa\u017ei ako showroom n\u00e1\u0161ho portf\u00f3lia, a slovensk\u00fa pobo\u010dku.<\/p>\n<p>[\/vc_text_element][\/vc_column][vc_column width=&#8221;1\/2&#8243; css_animation=&#8221;&#8221;][vc_empty_space][vc_text_element disable_margin=&#8221;yes&#8221; css_animation=&#8221;&#8221;]<\/p>\n<p data-start=\"0\" data-end=\"217\">S rast\u00facou pr\u00edtomnos\u0165ou na trhu E\u00da sme nadviazali spolupr\u00e1cu s popredn\u00fdmi hr\u00e1\u010dmi v IT a komunika\u010dnom priemysle. Sme hrd\u00fdm partnerom spolo\u010dnost\u00ed IBM, Bosch Security, Frequentis, Photoneo, Arvoo, Dormakaba a Muehlbauer.<\/p>\n<p data-start=\"219\" data-end=\"602\" data-is-last-node=\"\" data-is-only-node=\"\">V s\u00fa\u010dasnosti m\u00e1 na\u0161a klientela glob\u00e1lny dosah, nielen v r\u00e1mci Eur\u00f3py. Okrem softv\u00e9rov\u00fdch a hardv\u00e9rov\u00fdch IT rie\u0161en\u00ed pon\u00fakame aj personalizovan\u00fa tla\u010d identifika\u010dn\u00fdch a biometrick\u00fdch dokladov, kybernetick\u00e9 a fyzick\u00e9 bezpe\u010dnostn\u00e9 rie\u0161enia, inteligentn\u00e9 dopravn\u00e9 a parkovacie syst\u00e9my, rie\u0161enia internetu vec\u00ed (IoT) na mieru a rie\u0161enia pre kritick\u00fa komunik\u00e1ciu (r\u00e1diov\u00fa, mobiln\u00fa a d\u00e1tov\u00fa).<\/p>\n<p>[\/vc_text_element][\/vc_column][\/vc_row][vc_row nav_skin=&#8221;light&#8221; consent_include=&#8221;include&#8221;][vc_column css_animation=&#8221;&#8221;][vc_text_element disable_margin=&#8221;yes&#8221; css_animation=&#8221;&#8221;]<\/p>\n<h3 style=\"text-align: center;\">N\u00e1\u0161 pracovn\u00fd t\u00edm tvoria sk\u00fasen\u00ed a certifikovan\u00ed odborn\u00edci s mnohoro\u010dnou praxou v pr\u00edslu\u0161n\u00fdch oblastiach. N\u00e1\u0161 t\u00edm sa te\u0161\u00ed, \u017ee v\u00e1m bude m\u00f4c\u0165 pom\u00f4c\u0165 s akouko\u013evek v\u00fdzvou, ktorej \u010del\u00edte.<\/h3>\n<p>[\/vc_text_element][vc_text_element disable_margin=&#8221;yes&#8221; css_animation=&#8221;&#8221;]<\/p>\n<h3 style=\"text-align: center;\">Na\u0161i partneri<\/h3>\n<p>[\/vc_text_element][\/vc_column][\/vc_row][vc_row nav_skin=&#8221;light&#8221; consent_include=&#8221;include&#8221;][vc_column width=&#8221;1\/6&#8243; css_animation=&#8221;&#8221;][vc_empty_space][vc_image_element image=&#8221;10659&#8243; alignment=&#8221;center&#8221; preloader=&#8221;&#8221; css_animation=&#8221;&#8221;][\/vc_column][vc_column width=&#8221;1\/6&#8243; css_animation=&#8221;&#8221;][vc_empty_space][vc_image_element image=&#8221;11621&#8243; alignment=&#8221;center&#8221; preloader=&#8221;&#8221; css_animation=&#8221;&#8221;][\/vc_column][vc_column width=&#8221;1\/6&#8243; css_animation=&#8221;&#8221;][vc_empty_space height=&#8221;60px&#8221;][vc_image_element image=&#8221;11624&#8243; alignment=&#8221;center&#8221; preloader=&#8221;&#8221; css_animation=&#8221;&#8221;][\/vc_column][vc_column width=&#8221;1\/6&#8243; css_animation=&#8221;&#8221;][vc_empty_space height=&#8221;60px&#8221;][vc_image_element image=&#8221;10861&#8243; alignment=&#8221;center&#8221; preloader=&#8221;&#8221; css_animation=&#8221;&#8221;][\/vc_column][vc_column width=&#8221;1\/6&#8243; css_animation=&#8221;&#8221;][vc_image_element image=&#8221;11630&#8243; alignment=&#8221;center&#8221; preloader=&#8221;&#8221; css_animation=&#8221;&#8221; max_width=&#8221;120px&#8221;][\/vc_column][vc_column width=&#8221;1\/6&#8243; css_animation=&#8221;&#8221;][vc_image_element image=&#8221;11633&#8243; alignment=&#8221;center&#8221; preloader=&#8221;&#8221; css_animation=&#8221;&#8221;][\/vc_column][\/vc_row]<\/p>\n<\/div>","protected":false},"excerpt":{"rendered":"<p>[vc_row max_width=&#8221;600&#8243; min_height=&#8221;300&#8243; content_placement=&#8221;middle&#8221; custom_bg_type=&#8221;image&#8221; custom_bg_cover=&#8221;cover&#8221; custom_bg_repeat=&#8221;no-repeat&#8221; custom_bg_position=&#8221;Center top&#8221; textalign=&#8221;align_center&#8221; fadeout=&#8221;wtbx-fadeout&#8221; nav_skin=&#8221;light&#8221; disable_fixed_height=&#8221;tablet_portrait&#8221; consent_include=&#8221;include&#8221; equal_height=&#8221;true&#8221; custom_bg_color=&#8221;{&#8220;solid&#8220;:{&#8220;id&#8220;:&#8220;Dark color&#8220;,&#8220;color&#8220;:&#8220;#151221&#8220;}}&#8221; custom_bg_image=&#8221;9257&#8243; overlay_color=&#8221;{&#8220;solid&#8220;:{&#8220;id&#8220;:&#8220;Overlay color&#8220;,&#8220;color&#8220;:&#8220;rgba(21,20,36,0.5)&#8220;}}&#8221; el_design=&#8221;{&#8220;desktop&#8220;:{&#8220;padding-top&#8220;:&#8220;120&#8220;,&#8220;padding-bottom&#8220;:&#8220;90&#8220;}}&#8221;][vc_column css_animation=&#8221;&#8221;][vc_heading heading_text=&#8221;O n\u00e1s &#8211; L4 IT Systems&#8221; heading_wrapper=&#8221;h1&#8243; heading_color=&#8221;{&#8220;solid&#8220;:{&#8220;id&#8220;:&#8220;custom_3715609566673309&#8220;,&#8220;color&#8220;:&#8220;#ffffff&#8220;}}&#8221; heading_typography=&#8221;{&#8220;variants&#8220;:&#8220;500&#8220;,&#8220;font_size&#8220;:&#8220;50px&#8220;,&#8220;line_height&#8220;:&#8220;1.2em&#8220;}&#8221; responsiveness=&#8221;yes&#8221; tablet_portrait=&#8221;100&#8243; mobile_landscape=&#8221;85&#8243; mobile_portrait=&#8221;75&#8243; css_animation=&#8221;wtbx-anim-bottom-to-top-small&#8221; css_animation_easing=&#8221;wtbx_easing-natural&#8221; css_animation_duration=&#8221;wtbx-duration-700&#8243; css_animation_delay=&#8221;&#8221;][vc_empty_space height=&#8221;5px&#8221; mobile_landscape=&#8221;15&#8243;][\/vc_column][\/vc_row][vc_row row_width=&#8221;wtbx_stretch_row_content&#8221; nav_skin=&#8221;light&#8221; consent_include=&#8221;include&#8221;][vc_column el_design=&#8221;{&#8220;desktop&#8220;:{&#8220;padding-top&#8220;:&#8220;0&#8220;,&#8220;padding-right&#8220;:&#8220;0&#8220;,&#8220;padding-bottom&#8220;:&#8220;0&#8220;,&#8220;padding-left&#8220;:&#8220;0&#8220;}}&#8221; css_animation=&#8221;&#8221;][vc_section_divider style=&#8221;corner-left&#8221; height=&#8221;100&#8243; responsiveness=&#8221;yes&#8221; tablet_landscape=&#8221;100&#8243; tablet_portrait=&#8221;60&#8243; mobile_landscape=&#8221;0&#8243; mobile_portrait=&#8221;0&#8243; color=&#8221;{&#8220;id&#8220;:&#8220;custom_1334459184315555&#8220;,&#8220;color&#8220;:&#8220;rgba(255,255,255,1)&#8220;}&#8221;][\/vc_column][\/vc_row][vc_row row_width=&#8221;wtbx_stretch_row_content&#8221; nav_skin=&#8221;light&#8221; consent_include=&#8221;include&#8221;][vc_column el_design=&#8221;{&#8220;desktop&#8220;:{&#8220;padding-top&#8220;:0,&#8220;padding-right&#8220;:0,&#8220;padding-bottom&#8220;:0,&#8220;padding-left&#8220;:0}}&#8221; css_animation=&#8221;&#8221;][vc_empty_space][\/vc_column][\/vc_row][vc_row nav_skin=&#8221;light&#8221; consent_include=&#8221;include&#8221;][vc_column width=&#8221;1\/2&#8243; css_animation=&#8221;&#8221;][vc_empty_space][vc_text_element disable_margin=&#8221;yes&#8221; css_animation=&#8221;&#8221;] V roku 2021 bola zalo\u017een\u00e1 spolo\u010dnos\u0165 L4 IT Systems s [&hellip;]<\/p>\n","protected":false},"author":2,"featured_media":0,"parent":0,"menu_order":0,"comment_status":"closed","ping_status":"closed","template":"","meta":{"footnotes":""},"class_list":["post-10803","page","type-page","status-publish","hentry"],"_links":{"self":[{"href":"https:\/\/l4itsystems.com\/sk\/wp-json\/wp\/v2\/pages\/10803","targetHints":{"allow":["GET"]}}],"collection":[{"href":"https:\/\/l4itsystems.com\/sk\/wp-json\/wp\/v2\/pages"}],"about":[{"href":"https:\/\/l4itsystems.com\/sk\/wp-json\/wp\/v2\/types\/page"}],"author":[{"embeddable":true,"href":"https:\/\/l4itsystems.com\/sk\/wp-json\/wp\/v2\/users\/2"}],"replies":[{"embeddable":true,"href":"https:\/\/l4itsystems.com\/sk\/wp-json\/wp\/v2\/comments?post=10803"}],"version-history":[{"count":5,"href":"https:\/\/l4itsystems.com\/sk\/wp-json\/wp\/v2\/pages\/10803\/revisions"}],"predecessor-version":[{"id":11659,"href":"https:\/\/l4itsystems.com\/sk\/wp-json\/wp\/v2\/pages\/10803\/revisions\/11659"}],"wp:attachment":[{"href":"https:\/\/l4itsystems.com\/sk\/wp-json\/wp\/v2\/media?parent=10803"}],"curies":[{"name":"wp","href":"https:\/\/api.w.org\/{rel}","templated":true}]}}